{"id":436,"date":"2025-03-04T13:13:42","date_gmt":"2025-03-04T12:13:42","guid":{"rendered":"https:\/\/sharify.be\/?page_id=436"},"modified":"2025-07-15T14:41:12","modified_gmt":"2025-07-15T12:41:12","slug":"a-propos","status":"publish","type":"page","link":"https:\/\/sharify.be\/index.php\/a-propos\/","title":{"rendered":"A propos"},"content":{"rendered":"\t\t<div data-elementor-type=\"wp-page\" data-elementor-id=\"436\" class=\"elementor elementor-436\">\n\t\t\t\t\t\t<section class=\"elementor-section elementor-top-section elementor-element elementor-element-70e7f019 elementor-section-height-min-height elementor-section-boxed elementor-section-height-default elementor-section-items-middle\" data-id=\"70e7f019\" data-element_type=\"section\" data-settings=\"{&quot;jet_parallax_layout_list&quot;:[{&quot;jet_parallax_layout_image&quot;:{&quot;url&quot;:&quot;&quot;,&quot;id&quot;:&quot;&quot;,&quot;size&quot;:&quot;&quot;},&quot;_id&quot;:&quot;fc32e59&quot;,&quot;jet_parallax_layout_image_tablet&quot;:{&quot;url&quot;:&quot;&quot;,&quot;id&quot;:&quot;&quot;,&quot;size&quot;:&quot;&quot;},&quot;jet_parallax_layout_image_mobile&quot;:{&quot;url&quot;:&quot;&quot;,&quot;id&quot;:&quot;&quot;,&quot;size&quot;:&quot;&quot;},&quot;jet_parallax_layout_speed&quot;:{&quot;unit&quot;:&quot;%&quot;,&quot;size&quot;:50,&quot;sizes&quot;:[]},&quot;jet_parallax_layout_type&quot;:&quot;scroll&quot;,&quot;jet_parallax_layout_direction&quot;:null,&quot;jet_parallax_layout_fx_direction&quot;:null,&quot;jet_parallax_layout_z_index&quot;:&quot;&quot;,&quot;jet_parallax_layout_bg_x&quot;:50,&quot;jet_parallax_layout_bg_x_tablet&quot;:&quot;&quot;,&quot;jet_parallax_layout_bg_x_mobile&quot;:&quot;&quot;,&quot;jet_parallax_layout_bg_y&quot;:50,&quot;jet_parallax_layout_bg_y_tablet&quot;:&quot;&quot;,&quot;jet_parallax_layout_bg_y_mobile&quot;:&quot;&quot;,&quot;jet_parallax_layout_bg_size&quot;:&quot;auto&quot;,&quot;jet_parallax_layout_bg_size_tablet&quot;:&quot;&quot;,&quot;jet_parallax_layout_bg_size_mobile&quot;:&quot;&quot;,&quot;jet_parallax_layout_animation_prop&quot;:&quot;transform&quot;,&quot;jet_parallax_layout_on&quot;:[&quot;desktop&quot;,&quot;tablet&quot;]}],&quot;background_background&quot;:&quot;classic&quot;}\">\n\t\t\t\t\t\t\t<div class=\"elementor-background-overlay\"><\/div>\n\t\t\t\t\t\t\t<div class=\"elementor-container elementor-column-gap-default\">\n\t\t\t\t\t<div class=\"elementor-column elementor-col-66 elementor-top-column elementor-element elementor-element-7663a26\" data-id=\"7663a26\" data-element_type=\"column\">\n\t\t\t<div class=\"elementor-widget-wrap elementor-element-populated\">\n\t\t\t\t\t\t<div class=\"elementor-element elementor-element-56580429 elementor-widget elementor-widget-heading\" data-id=\"56580429\" data-element_type=\"widget\" data-widget_type=\"heading.default\">\n\t\t\t\t<div class=\"elementor-widget-container\">\n\t\t\t\t\t<h1 class=\"elementor-heading-title elementor-size-default\">L'\u00e9quipe <\/h1>\t\t\t\t<\/div>\n\t\t\t\t<\/div>\n\t\t\t\t<div class=\"elementor-element elementor-element-2f57a6f9 elementor-widget elementor-widget-text-editor\" data-id=\"2f57a6f9\" data-element_type=\"widget\" data-widget_type=\"text-editor.default\">\n\t\t\t\t<div class=\"elementor-widget-container\">\n\t\t\t\t\t\t\t\t\t<p><strong>En g\u00e9n\u00e9ral, nous pr\u00e9f\u00e9rons mettre l&#8217;accent sur celles et ceux que nous accompagnons, mais comme tout \u00e9change commence par la transparence et le partage, il est important de nous pr\u00e9senter pour instaurer la confiance. Sur cette page, chacune de nous pr\u00e9sente l&#8217;autre, avec humilit\u00e9 et bienveillance.\u00a0<\/strong><\/p>\t\t\t\t\t\t\t\t<\/div>\n\t\t\t\t<\/div>\n\t\t\t\t\t<\/div>\n\t\t<\/div>\n\t\t\t\t<div class=\"elementor-column elementor-col-33 elementor-top-column elementor-element elementor-element-3b924fb2\" data-id=\"3b924fb2\" data-element_type=\"column\">\n\t\t\t<div class=\"elementor-widget-wrap\">\n\t\t\t\t\t\t\t<\/div>\n\t\t<\/div>\n\t\t\t\t\t<\/div>\n\t\t<\/section>\n\t\t<div class=\"elementor-element elementor-element-21b391b7 e-flex e-con-boxed e-con e-parent\" data-id=\"21b391b7\" data-element_type=\"container\" data-settings=\"{&quot;jet_parallax_layout_list&quot;:[],&quot;background_background&quot;:&quot;classic&quot;}\">\n\t\t\t\t\t<div class=\"e-con-inner\">\n\t\t<div class=\"elementor-element elementor-element-608c6f24 e-con-full e-flex e-con e-child\" data-id=\"608c6f24\" data-element_type=\"container\" data-settings=\"{&quot;jet_parallax_layout_list&quot;:[]}\">\n\t\t\t\t<div class=\"elementor-element elementor-element-782371e elementor-widget elementor-widget-heading\" data-id=\"782371e\" data-element_type=\"widget\" data-widget_type=\"heading.default\">\n\t\t\t\t<div class=\"elementor-widget-container\">\n\t\t\t\t\t<h2 class=\"elementor-heading-title elementor-size-default\">Marie-Am\u00e9lie Stiernet<\/h2>\t\t\t\t<\/div>\n\t\t\t\t<\/div>\n\t\t\t\t<div class=\"elementor-element elementor-element-810dbc4 elementor-widget elementor-widget-text-editor\" data-id=\"810dbc4\" data-element_type=\"widget\" data-widget_type=\"text-editor.default\">\n\t\t\t\t<div class=\"elementor-widget-container\">\n\t\t\t\t\t\t\t\t\t<p><b><\/b>Marie-Am\u00e9lie est une b\u00e2tisseuse de connexions et une experte en gestion du changement. Avec plus de 10 ans d\u2019exp\u00e9rience dans des secteurs vari\u00e9s dans le priv\u00e9 (IT, pharmaceutique, philanthropique), elle prend plaisir dans l\u2019art d\u2019aligner visions strat\u00e9giques et dynamiques collaboratives avec des outils tr\u00e8s concrets et personnalis\u00e9s. Son regard holistique lui permet d\u2019identifier les synergies et de cr\u00e9er des environnements propices \u00e0 l\u2019innovation collective.<\/p><p>Engag\u00e9e b\u00e9n\u00e9volement, elle a soutenu des ASBL dans leur structuration et leur d\u00e9veloppement. Si vous avez rencontr\u00e9 Marie-Am\u00e9lie, vous vous souvenez s\u00fbrement de ses questions pertinentes qui vous ont aid\u00e9 \u00e0 clarifier vos pens\u00e9es et \u00e0 explorer de nouvelles dimensions.<\/p>\t\t\t\t\t\t\t\t<\/div>\n\t\t\t\t<\/div>\n\t\t\t\t<div class=\"elementor-element elementor-element-9c92367 elementor-widget elementor-widget-image\" data-id=\"9c92367\" data-element_type=\"widget\" data-widget_type=\"image.default\">\n\t\t\t\t<div class=\"elementor-widget-container\">\n\t\t\t\t\t\t\t\t\t\t\t\t\t\t\t<img fetchpriority=\"high\" decoding=\"async\" width=\"683\" height=\"1024\" src=\"https:\/\/sharify.be\/wp-content\/uploads\/2025\/03\/portrait-683x1024-1.jpg\" class=\"attachment-large size-large wp-image-496\" alt=\"\" srcset=\"https:\/\/sharify.be\/wp-content\/uploads\/2025\/03\/portrait-683x1024-1.jpg 683w, https:\/\/sharify.be\/wp-content\/uploads\/2025\/03\/portrait-683x1024-1-200x300.jpg 200w\" sizes=\"(max-width: 683px) 100vw, 683px\" \/>\t\t\t\t\t\t\t\t\t\t\t\t\t\t\t<\/div>\n\t\t\t\t<\/div>\n\t\t\t\t<\/div>\n\t\t<div class=\"elementor-element elementor-element-5981612d e-con-full e-flex e-con e-child\" data-id=\"5981612d\" data-element_type=\"container\" data-settings=\"{&quot;jet_parallax_layout_list&quot;:[]}\">\n\t\t\t\t<div class=\"elementor-element elementor-element-45eb78d elementor-widget elementor-widget-image\" data-id=\"45eb78d\" data-element_type=\"widget\" data-widget_type=\"image.default\">\n\t\t\t\t<div class=\"elementor-widget-container\">\n\t\t\t\t\t\t\t\t\t\t\t\t\t\t\t<img decoding=\"async\" width=\"699\" height=\"1024\" src=\"https:\/\/sharify.be\/wp-content\/uploads\/2025\/03\/ed027b08-0f97-4118-8348-5ed7414d1d7a-2-699x1024.jpg\" class=\"attachment-large size-large wp-image-495\" alt=\"\" srcset=\"https:\/\/sharify.be\/wp-content\/uploads\/2025\/03\/ed027b08-0f97-4118-8348-5ed7414d1d7a-2-699x1024.jpg 699w, https:\/\/sharify.be\/wp-content\/uploads\/2025\/03\/ed027b08-0f97-4118-8348-5ed7414d1d7a-2-205x300.jpg 205w, https:\/\/sharify.be\/wp-content\/uploads\/2025\/03\/ed027b08-0f97-4118-8348-5ed7414d1d7a-2-768x1125.jpg 768w, https:\/\/sharify.be\/wp-content\/uploads\/2025\/03\/ed027b08-0f97-4118-8348-5ed7414d1d7a-2.jpg 1006w\" sizes=\"(max-width: 699px) 100vw, 699px\" \/>\t\t\t\t\t\t\t\t\t\t\t\t\t\t\t<\/div>\n\t\t\t\t<\/div>\n\t\t\t\t<div class=\"elementor-element elementor-element-2ffa4e7 elementor-widget elementor-widget-heading\" data-id=\"2ffa4e7\" data-element_type=\"widget\" data-widget_type=\"heading.default\">\n\t\t\t\t<div class=\"elementor-widget-container\">\n\t\t\t\t\t<h2 class=\"elementor-heading-title elementor-size-default\">Julie Maricq<\/h2>\t\t\t\t<\/div>\n\t\t\t\t<\/div>\n\t\t\t\t<div class=\"elementor-element elementor-element-308b802 elementor-widget elementor-widget-text-editor\" data-id=\"308b802\" data-element_type=\"widget\" data-widget_type=\"text-editor.default\">\n\t\t\t\t<div class=\"elementor-widget-container\">\n\t\t\t\t\t\t\t\t\t<p>Julie est une experte en communication et une facilitatrice passionn\u00e9e par l\u2019intelligence collective. Apr\u00e8s avoir \u0153uvr\u00e9 dans le priv\u00e9, le public et l\u2019associatif, elle a choisi de mettre son expertise au service de l\u2019impact social. Elle cr\u00e9e des liens entre entreprises et associations, en d\u00e9veloppant des strat\u00e9gies de Community Engagement innovantes.<\/p><p>Engag\u00e9e b\u00e9n\u00e9volement, elle a accompagn\u00e9 la communication de plusieurs ASBL et l&#8217;organisation du d\u00e9fil\u00e9 Ethno Tendances pendant de nombreuses ann\u00e9es. Julie est aussi maman solo de deux enfants fabuleux et d\u00e9routants, une exp\u00e9rience qui enrichit sa vision et sa posture au quotidien. Si vous avez rencontr\u00e9 Julie, vous vous souvenez s\u00fbrement de son sourire et de son \u00e9coute attentive, ainsi que des exemples et anecdotes inspirantes qu&#8217;elle vous a sans doute partag\u00e9.<\/p>\t\t\t\t\t\t\t\t<\/div>\n\t\t\t\t<\/div>\n\t\t\t\t<\/div>\n\t\t\t\t\t<\/div>\n\t\t\t\t<\/div>\n\t\t\t\t<section class=\"elementor-section elementor-top-section elementor-element elementor-element-44d9ea19 elementor-section-height-min-height elementor-section-boxed elementor-section-height-default elementor-section-items-middle\" data-id=\"44d9ea19\" data-element_type=\"section\" data-settings=\"{&quot;jet_parallax_layout_list&quot;:[{&quot;jet_parallax_layout_image&quot;:{&quot;url&quot;:&quot;&quot;,&quot;id&quot;:&quot;&quot;,&quot;size&quot;:&quot;&quot;},&quot;_id&quot;:&quot;a42fded&quot;,&quot;jet_parallax_layout_image_tablet&quot;:{&quot;url&quot;:&quot;&quot;,&quot;id&quot;:&quot;&quot;,&quot;size&quot;:&quot;&quot;},&quot;jet_parallax_layout_image_mobile&quot;:{&quot;url&quot;:&quot;&quot;,&quot;id&quot;:&quot;&quot;,&quot;size&quot;:&quot;&quot;},&quot;jet_parallax_layout_speed&quot;:{&quot;unit&quot;:&quot;%&quot;,&quot;size&quot;:50,&quot;sizes&quot;:[]},&quot;jet_parallax_layout_type&quot;:&quot;scroll&quot;,&quot;jet_parallax_layout_direction&quot;:null,&quot;jet_parallax_layout_fx_direction&quot;:null,&quot;jet_parallax_layout_z_index&quot;:&quot;&quot;,&quot;jet_parallax_layout_bg_x&quot;:50,&quot;jet_parallax_layout_bg_x_tablet&quot;:&quot;&quot;,&quot;jet_parallax_layout_bg_x_mobile&quot;:&quot;&quot;,&quot;jet_parallax_layout_bg_y&quot;:50,&quot;jet_parallax_layout_bg_y_tablet&quot;:&quot;&quot;,&quot;jet_parallax_layout_bg_y_mobile&quot;:&quot;&quot;,&quot;jet_parallax_layout_bg_size&quot;:&quot;auto&quot;,&quot;jet_parallax_layout_bg_size_tablet&quot;:&quot;&quot;,&quot;jet_parallax_layout_bg_size_mobile&quot;:&quot;&quot;,&quot;jet_parallax_layout_animation_prop&quot;:&quot;transform&quot;,&quot;jet_parallax_layout_on&quot;:[&quot;desktop&quot;,&quot;tablet&quot;]}],&quot;background_background&quot;:&quot;classic&quot;}\">\n\t\t\t\t\t\t\t<div class=\"elementor-background-overlay\"><\/div>\n\t\t\t\t\t\t\t<div class=\"elementor-container elementor-column-gap-default\">\n\t\t\t\t\t<div class=\"elementor-column elementor-col-100 elementor-top-column elementor-element elementor-element-5b3cfa61\" data-id=\"5b3cfa61\" data-element_type=\"column\">\n\t\t\t<div class=\"elementor-widget-wrap elementor-element-populated\">\n\t\t\t\t\t\t<div class=\"elementor-element elementor-element-614ad8f9 elementor-widget elementor-widget-heading\" data-id=\"614ad8f9\" data-element_type=\"widget\" data-widget_type=\"heading.default\">\n\t\t\t\t<div class=\"elementor-widget-container\">\n\t\t\t\t\t<h2 class=\"elementor-heading-title elementor-size-default\">NOS VALEURS <\/h2>\t\t\t\t<\/div>\n\t\t\t\t<\/div>\n\t\t\t\t<div class=\"elementor-element elementor-element-5efeab58 elementor-widget elementor-widget-heading\" data-id=\"5efeab58\" data-element_type=\"widget\" data-widget_type=\"heading.default\">\n\t\t\t\t<div class=\"elementor-widget-container\">\n\t\t\t\t\t<h3 class=\"elementor-heading-title elementor-size-default\">Humilit\u00e9 - Pragmatisme - Curiosit\u00e9<\/h3>\t\t\t\t<\/div>\n\t\t\t\t<\/div>\n\t\t\t\t\t<\/div>\n\t\t<\/div>\n\t\t\t\t\t<\/div>\n\t\t<\/section>\n\t\t\t\t<\/div>\n\t\t","protected":false},"excerpt":{"rendered":"<p>L&#8217;\u00e9quipe En g\u00e9n\u00e9ral, nous pr\u00e9f\u00e9rons mettre l&#8217;accent sur celles et ceux que nous accompagnons, mais comme tout \u00e9change commence par la transparence et le partage, il est important de nous pr\u00e9senter pour instaurer la confiance. Sur cette page, chacune de nous pr\u00e9sente l&#8217;autre, avec humilit\u00e9 et bienveillance.\u00a0 Marie-Am\u00e9lie Stiernet Marie-Am\u00e9lie est une b\u00e2tisseuse de connexions [&hellip;]<\/p>\n","protected":false},"author":1,"featured_media":388,"parent":0,"menu_order":0,"comment_status":"closed","ping_status":"closed","template":"elementor_header_footer","meta":{"_acf_changed":false,"footnotes":""},"class_list":["post-436","page","type-page","status-publish","has-post-thumbnail","hentry"],"acf":[],"_links":{"self":[{"href":"https:\/\/sharify.be\/index.php\/wp-json\/wp\/v2\/pages\/436","targetHints":{"allow":["GET"]}}],"collection":[{"href":"https:\/\/sharify.be\/index.php\/wp-json\/wp\/v2\/pages"}],"about":[{"href":"https:\/\/sharify.be\/index.php\/wp-json\/wp\/v2\/types\/page"}],"author":[{"embeddable":true,"href":"https:\/\/sharify.be\/index.php\/wp-json\/wp\/v2\/users\/1"}],"replies":[{"embeddable":true,"href":"https:\/\/sharify.be\/index.php\/wp-json\/wp\/v2\/comments?post=436"}],"version-history":[{"count":37,"href":"https:\/\/sharify.be\/index.php\/wp-json\/wp\/v2\/pages\/436\/revisions"}],"predecessor-version":[{"id":591,"href":"https:\/\/sharify.be\/index.php\/wp-json\/wp\/v2\/pages\/436\/revisions\/591"}],"wp:featuredmedia":[{"embeddable":true,"href":"https:\/\/sharify.be\/index.php\/wp-json\/wp\/v2\/media\/388"}],"wp:attachment":[{"href":"https:\/\/sharify.be\/index.php\/wp-json\/wp\/v2\/media?parent=436"}],"curies":[{"name":"wp","href":"https:\/\/api.w.org\/{rel}","templated":true}]}}